{"id":1259,"date":"2024-05-07T10:02:39","date_gmt":"2024-05-07T13:02:39","guid":{"rendered":"https:\/\/inovanutricao.net\/monteup\/?post_type=product&#038;p=1259"},"modified":"2024-05-07T10:07:49","modified_gmt":"2024-05-07T13:07:49","slug":"safari-2","status":"publish","type":"product","link":"https:\/\/theproducer.click\/peguemonteup\/produto\/safari-2\/","title":{"rendered":"Safari"},"content":{"rendered":"","protected":false},"excerpt":{"rendered":"<p>Cada kit inclui uma variedade de itens cuidadosamente selecionados para transformar o ambiente da sua festa em um cen\u00e1rio emocionante.<\/p>\n<p>Observa\u00e7\u00e3o:<br \/>\nAlguns kits podem apresentar varia\u00e7\u00f5es, portanto, escolha sua op\u00e7\u00e3o preferida abaixo ao fazer sua reserva. Por favor, esteja ciente de que as varia\u00e7\u00f5es podem influenciar no pre\u00e7o final.<\/p>\n<p>&nbsp;<\/p>\n","protected":false},"featured_media":1260,"comment_status":"open","ping_status":"closed","template":"","meta":[],"product_cat":[20,19],"product_tag":[],"_links":{"self":[{"href":"https:\/\/theproducer.click\/peguemonteup\/wp-json\/wp\/v2\/product\/1259"}],"collection":[{"href":"https:\/\/theproducer.click\/peguemonteup\/wp-json\/wp\/v2\/product"}],"about":[{"href":"https:\/\/theproducer.click\/peguemonteup\/wp-json\/wp\/v2\/types\/product"}],"replies":[{"embeddable":true,"href":"https:\/\/theproducer.click\/peguemonteup\/wp-json\/wp\/v2\/comments?post=1259"}],"wp:featuredmedia":[{"embeddable":true,"href":"https:\/\/theproducer.click\/peguemonteup\/wp-json\/wp\/v2\/media\/1260"}],"wp:attachment":[{"href":"https:\/\/theproducer.click\/peguemonteup\/wp-json\/wp\/v2\/media?parent=1259"}],"wp:term":[{"taxonomy":"product_cat","embeddable":true,"href":"https:\/\/theproducer.click\/peguemonteup\/wp-json\/wp\/v2\/product_cat?post=1259"},{"taxonomy":"product_tag","embeddable":true,"href":"https:\/\/theproducer.click\/peguemonteup\/wp-json\/wp\/v2\/product_tag?post=1259"}],"curies":[{"name":"wp","href":"https:\/\/api.w.org\/{rel}","templated":true}]}}