{"id":1354,"date":"2024-05-13T05:26:47","date_gmt":"2024-05-13T08:26:47","guid":{"rendered":"https:\/\/inovanutricao.net\/monteup\/?post_type=product&#038;p=1354"},"modified":"2024-05-15T06:16:29","modified_gmt":"2024-05-15T09:16:29","slug":"oncinha","status":"publish","type":"product","link":"https:\/\/theproducer.click\/peguemonteup\/produto\/oncinha\/","title":{"rendered":"Oncinha"},"content":{"rendered":"","protected":false},"excerpt":{"rendered":"<p>Cada kit inclui uma variedade de itens cuidadosamente selecionados para transformar o ambiente da sua festa em um cen\u00e1rio emocionante.<\/p>\n<p>Observa\u00e7\u00e3o:<br \/>\nAlguns kits podem apresentar varia\u00e7\u00f5es, portanto, escolha sua op\u00e7\u00e3o preferida abaixo ao fazer sua reserva. Por favor, esteja ciente de que as varia\u00e7\u00f5es podem influenciar no pre\u00e7o final.<\/p>\n","protected":false},"featured_media":1355,"comment_status":"open","ping_status":"closed","template":"","meta":[],"product_cat":[20,43,19],"product_tag":[],"_links":{"self":[{"href":"https:\/\/theproducer.click\/peguemonteup\/wp-json\/wp\/v2\/product\/1354"}],"collection":[{"href":"https:\/\/theproducer.click\/peguemonteup\/wp-json\/wp\/v2\/product"}],"about":[{"href":"https:\/\/theproducer.click\/peguemonteup\/wp-json\/wp\/v2\/types\/product"}],"replies":[{"embeddable":true,"href":"https:\/\/theproducer.click\/peguemonteup\/wp-json\/wp\/v2\/comments?post=1354"}],"wp:featuredmedia":[{"embeddable":true,"href":"https:\/\/theproducer.click\/peguemonteup\/wp-json\/wp\/v2\/media\/1355"}],"wp:attachment":[{"href":"https:\/\/theproducer.click\/peguemonteup\/wp-json\/wp\/v2\/media?parent=1354"}],"wp:term":[{"taxonomy":"product_cat","embeddable":true,"href":"https:\/\/theproducer.click\/peguemonteup\/wp-json\/wp\/v2\/product_cat?post=1354"},{"taxonomy":"product_tag","embeddable":true,"href":"https:\/\/theproducer.click\/peguemonteup\/wp-json\/wp\/v2\/product_tag?post=1354"}],"curies":[{"name":"wp","href":"https:\/\/api.w.org\/{rel}","templated":true}]}}