{"id":618,"date":"2024-04-16T10:59:57","date_gmt":"2024-04-16T13:59:57","guid":{"rendered":"https:\/\/inovanutricao.net\/monteup\/?post_type=product&#038;p=618"},"modified":"2024-04-16T14:27:27","modified_gmt":"2024-04-16T17:27:27","slug":"minions","status":"publish","type":"product","link":"https:\/\/theproducer.click\/peguemonteup\/produto\/minions\/","title":{"rendered":"Minions"},"content":{"rendered":"","protected":false},"excerpt":{"rendered":"<p>Kit Decora\u00e7\u00e3o Festa Infantil Masculino &#8220;Minions&#8221;<\/p>\n<p>Deixe a imagina\u00e7\u00e3o do seu pequeno decolar com o nosso Kit Decora\u00e7\u00e3o &#8220;Minions&#8221;! Este kit exclusivo \u00e9 perfeito para celebrar o anivers\u00e1rio do seu filho.<br \/>\nO kit inclui uma variedade de itens cuidadosamente selecionados para transformar o ambiente da festa em um cen\u00e1rio emocionante.<\/p>\n","protected":false},"featured_media":619,"comment_status":"open","ping_status":"closed","template":"","meta":[],"product_cat":[18],"product_tag":[],"_links":{"self":[{"href":"https:\/\/theproducer.click\/peguemonteup\/wp-json\/wp\/v2\/product\/618"}],"collection":[{"href":"https:\/\/theproducer.click\/peguemonteup\/wp-json\/wp\/v2\/product"}],"about":[{"href":"https:\/\/theproducer.click\/peguemonteup\/wp-json\/wp\/v2\/types\/product"}],"replies":[{"embeddable":true,"href":"https:\/\/theproducer.click\/peguemonteup\/wp-json\/wp\/v2\/comments?post=618"}],"wp:featuredmedia":[{"embeddable":true,"href":"https:\/\/theproducer.click\/peguemonteup\/wp-json\/wp\/v2\/media\/619"}],"wp:attachment":[{"href":"https:\/\/theproducer.click\/peguemonteup\/wp-json\/wp\/v2\/media?parent=618"}],"wp:term":[{"taxonomy":"product_cat","embeddable":true,"href":"https:\/\/theproducer.click\/peguemonteup\/wp-json\/wp\/v2\/product_cat?post=618"},{"taxonomy":"product_tag","embeddable":true,"href":"https:\/\/theproducer.click\/peguemonteup\/wp-json\/wp\/v2\/product_tag?post=618"}],"curies":[{"name":"wp","href":"https:\/\/api.w.org\/{rel}","templated":true}]}}