{"id":851,"date":"2024-04-17T16:34:57","date_gmt":"2024-04-17T19:34:57","guid":{"rendered":"https:\/\/inovanutricao.net\/monteup\/?post_type=product&#038;p=851"},"modified":"2024-04-30T11:21:19","modified_gmt":"2024-04-30T14:21:19","slug":"ursinho-pooh","status":"publish","type":"product","link":"https:\/\/theproducer.click\/peguemonteup\/produto\/ursinho-pooh\/","title":{"rendered":"Ursinho Pooh"},"content":{"rendered":"","protected":false},"excerpt":{"rendered":"<p>Kit Decora\u00e7\u00e3o Festa Infantil Masculino &#8220;Ursinho Pooh&#8221;<\/p>\n<p>Deixe a imagina\u00e7\u00e3o do seu pequeno decolar com o nosso Kit Decora\u00e7\u00e3o &#8220;Ursinho Pooh&#8221;! Este kit exclusivo \u00e9 perfeito para celebrar o anivers\u00e1rio do seu filho.<br \/>\nO kit inclui uma variedade de itens cuidadosamente selecionados para transformar o ambiente da festa em um cen\u00e1rio emocionante.<\/p>\n","protected":false},"featured_media":852,"comment_status":"open","ping_status":"closed","template":"","meta":[],"product_cat":[18],"product_tag":[],"_links":{"self":[{"href":"https:\/\/theproducer.click\/peguemonteup\/wp-json\/wp\/v2\/product\/851"}],"collection":[{"href":"https:\/\/theproducer.click\/peguemonteup\/wp-json\/wp\/v2\/product"}],"about":[{"href":"https:\/\/theproducer.click\/peguemonteup\/wp-json\/wp\/v2\/types\/product"}],"replies":[{"embeddable":true,"href":"https:\/\/theproducer.click\/peguemonteup\/wp-json\/wp\/v2\/comments?post=851"}],"wp:featuredmedia":[{"embeddable":true,"href":"https:\/\/theproducer.click\/peguemonteup\/wp-json\/wp\/v2\/media\/852"}],"wp:attachment":[{"href":"https:\/\/theproducer.click\/peguemonteup\/wp-json\/wp\/v2\/media?parent=851"}],"wp:term":[{"taxonomy":"product_cat","embeddable":true,"href":"https:\/\/theproducer.click\/peguemonteup\/wp-json\/wp\/v2\/product_cat?post=851"},{"taxonomy":"product_tag","embeddable":true,"href":"https:\/\/theproducer.click\/peguemonteup\/wp-json\/wp\/v2\/product_tag?post=851"}],"curies":[{"name":"wp","href":"https:\/\/api.w.org\/{rel}","templated":true}]}}